{"id":1338,"date":"2021-09-20T17:43:19","date_gmt":"2021-09-20T17:43:19","guid":{"rendered":"https:\/\/logivia.cl\/?page_id=1338"},"modified":"2026-02-17T19:23:15","modified_gmt":"2026-02-17T19:23:15","slug":"inicio-en-remodelacion","status":"publish","type":"page","link":"https:\/\/logivia.cl\/","title":{"rendered":"Inicio"},"content":{"rendered":"\t\t<div data-elementor-type=\"wp-page\" data-elementor-id=\"1338\" class=\"elementor elementor-1338\" data-elementor-post-type=\"page\">\n\t\t\t\t\t\t<section class=\"elementor-section elementor-top-section elementor-element elementor-element-33a1252 elementor-section-height-min-height elementor-section-boxed elementor-section-height-default elementor-section-items-middle\" data-id=\"33a1252\" data-element_type=\"section\" data-e-type=\"section\" data-settings=\"{&quot;jet_parallax_layout_list&quot;:[],&quot;background_background&quot;:&quot;slideshow&quot;,&quot;background_slideshow_gallery&quot;:[{&quot;id&quot;:5236,&quot;url&quot;:&quot;https:\\\/\\\/logivia.cl\\\/wp-content\\\/uploads\\\/2026\\\/02\\\/WhatsApp-Image-2025-12-09-at-08.39.39-1.jpeg&quot;},{&quot;id&quot;:5237,&quot;url&quot;:&quot;https:\\\/\\\/logivia.cl\\\/wp-content\\\/uploads\\\/2026\\\/02\\\/WhatsApp-Image-2026-02-05-at-07.29.39-1.jpeg&quot;}],&quot;background_slideshow_loop&quot;:&quot;yes&quot;,&quot;background_slideshow_slide_duration&quot;:5000,&quot;background_slideshow_slide_transition&quot;:&quot;fade&quot;,&quot;background_slideshow_transition_duration&quot;:500}\">\n\t\t\t\t\t\t<div class=\"elementor-container elementor-column-gap-default\">\n\t\t\t\t\t<div class=\"elementor-column elementor-col-100 elementor-top-column elementor-element elementor-element-b379263\" data-id=\"b379263\" data-element_type=\"column\" data-e-type=\"column\" data-settings=\"{&quot;background_background&quot;:&quot;gradient&quot;}\">\n\t\t\t<div class=\"elementor-widget-wrap\">\n\t\t\t\t\t\t\t<\/div>\n\t\t<\/div>\n\t\t\t\t\t<\/div>\n\t\t<\/section>\n\t\t<div class=\"elementor-element elementor-element-72236dd e-flex e-con-boxed e-con e-parent\" data-id=\"72236dd\" data-element_type=\"container\" data-e-type=\"container\" data-settings=\"{&quot;jet_parallax_layout_list&quot;:[],&quot;background_background&quot;:&quot;classic&quot;}\">\n\t\t\t\t\t<div class=\"e-con-inner\">\n\t\t<div class=\"elementor-element elementor-element-ec448aa e-con-full e-flex e-con e-child\" data-id=\"ec448aa\" data-element_type=\"container\" data-e-type=\"container\" data-settings=\"{&quot;jet_parallax_layout_list&quot;:[]}\">\n\t\t<div class=\"elementor-element elementor-element-0337413 e-con-full e-flex e-con e-child\" data-id=\"0337413\" data-element_type=\"container\" data-e-type=\"container\" data-settings=\"{&quot;jet_parallax_layout_list&quot;:[]}\">\n\t\t<div class=\"elementor-element elementor-element-0631d3d animated-fast e-con-full e-flex e-con e-child\" data-id=\"0631d3d\" data-element_type=\"container\" data-e-type=\"container\" data-settings=\"{&quot;animation&quot;:&quot;none&quot;,&quot;background_background&quot;:&quot;classic&quot;,&quot;jet_parallax_layout_list&quot;:[]}\">\n\t\t\t\t<div class=\"elementor-element elementor-element-5e6f817 elementor-widget elementor-widget-text-editor\" data-id=\"5e6f817\" data-element_type=\"widget\" data-e-type=\"widget\" data-widget_type=\"text-editor.default\">\n\t\t\t\t\t\t\t\t\t<h3 data-start=\"191\" data-end=\"647\">Bienvenido a <strong data-start=\"204\" data-end=\"215\">LOGIVIA<\/strong>, tu socio estrat\u00e9gico en el acompa\u00f1amiento profesional de cargas especiales con sobredimensi\u00f3n y sobrepeso.<\/h3><p data-start=\"191\" data-end=\"647\">Somos una empresa 100 % dedicada al acompa\u00f1amiento de cargas especiales, operando en todo Chile con veh\u00edculos y conductores altamente capacitados bajo normativa vigente\u00a0<strong>Ley 21.659<\/strong>. Nuestra flota de camionetas cumple con los est\u00e1ndares m\u00e1s exigentes para ofrecer un servicio seguro, \u00e1gil y confiable.<\/p><p data-start=\"649\" data-end=\"1212\">En Logivia\u00a0guiamos todo el proceso de transporte: desde la planificaci\u00f3n y permisos viales, hasta la ejecuci\u00f3n efectiva del traslado. Nuestro diferencial es un servicio profesional con respuesta r\u00e1pida, acompa\u00f1amiento legal y asistencia integral a nuestros clientes, proporcionando reportes,\u00a0estados de\u00a0avance de sus cargas y trazabilidad del servicio. Con sucursales en Antofagasta, Iquique y Santiago, operamos a lo largo de todo el territorio nacional. Con Logivia, mejora tus tiempos de operaci\u00f3n, reduce riesgos y asegura que tus cargas especiales lleguen a destino bajo los m\u00e1s altos est\u00e1ndares de seguridad y cumplimiento normativo.<\/p>\t\t\t\t\t\t\t\t<\/div>\n\t\t\t\t<\/div>\n\t\t<div class=\"elementor-element elementor-element-ee8ab8b e-con-full e-flex e-con e-child\" data-id=\"ee8ab8b\" data-element_type=\"container\" data-e-type=\"container\" data-settings=\"{&quot;jet_parallax_layout_list&quot;:[]}\">\n\t\t\t\t<\/div>\n\t\t\t\t<\/div>\n\t\t\t\t<\/div>\n\t\t\t\t\t<\/div>\n\t\t\t\t<\/div>\n\t\t<div class=\"elementor-element elementor-element-cabeba9 e-con-full e-flex e-con e-parent\" data-id=\"cabeba9\" data-element_type=\"container\" data-e-type=\"container\" data-settings=\"{&quot;jet_parallax_layout_list&quot;:[]}\">\n\t\t<div class=\"elementor-element elementor-element-b33af86 e-flex e-con-boxed e-con e-child\" data-id=\"b33af86\" data-element_type=\"container\" data-e-type=\"container\" data-settings=\"{&quot;jet_parallax_layout_list&quot;:[]}\">\n\t\t\t\t\t<div class=\"e-con-inner\">\n\t\t<div class=\"elementor-element elementor-element-b169753 e-flex e-con-boxed e-con e-child\" data-id=\"b169753\" data-element_type=\"container\" data-e-type=\"container\" data-settings=\"{&quot;jet_parallax_layout_list&quot;:[]}\">\n\t\t\t\t\t<div class=\"e-con-inner\">\n\t\t\t\t<div class=\"elementor-element elementor-element-9998a9c animated-slow elementor-invisible elementor-widget elementor-widget-heading\" data-id=\"9998a9c\" data-element_type=\"widget\" data-e-type=\"widget\" data-settings=\"{&quot;_animation&quot;:&quot;fadeIn&quot;,&quot;_animation_delay&quot;:509}\" data-widget_type=\"heading.default\">\n\t\t\t\t\t<h3 class=\"elementor-heading-title elementor-size-xl\">Nuestros Servicios<\/h3>\t\t\t\t<\/div>\n\t\t\t\t\t<\/div>\n\t\t\t\t<\/div>\n\t\t\t\t\t<\/div>\n\t\t\t\t<\/div>\n\t\t\t\t<\/div>\n\t\t<div class=\"elementor-element elementor-element-9f66df9 e-flex e-con-boxed e-con e-parent\" data-id=\"9f66df9\" data-element_type=\"container\" data-e-type=\"container\" data-settings=\"{&quot;background_background&quot;:&quot;classic&quot;,&quot;jet_parallax_layout_list&quot;:[]}\">\n\t\t\t\t\t<div class=\"e-con-inner\">\n\t\t\t\t<div class=\"elementor-element elementor-element-211a86e elementor-widget elementor-widget-image\" data-id=\"211a86e\" data-element_type=\"widget\" data-e-type=\"widget\" data-widget_type=\"image.default\">\n\t\t\t\t\t\t\t\t\t\t\t\t\t\t\t<img fetchpriority=\"high\" decoding=\"async\" width=\"462\" height=\"1024\" src=\"https:\/\/logivia.cl\/wp-content\/uploads\/2026\/02\/WhatsApp-Image-2025-12-13-at-15.41.09-462x1024.jpeg\" class=\"attachment-large size-large wp-image-5229\" alt=\"\" srcset=\"https:\/\/logivia.cl\/wp-content\/uploads\/2026\/02\/WhatsApp-Image-2025-12-13-at-15.41.09-462x1024.jpeg 462w, https:\/\/logivia.cl\/wp-content\/uploads\/2026\/02\/WhatsApp-Image-2025-12-13-at-15.41.09-135x300.jpeg 135w, https:\/\/logivia.cl\/wp-content\/uploads\/2026\/02\/WhatsApp-Image-2025-12-13-at-15.41.09.jpeg 577w\" sizes=\"(max-width: 462px) 100vw, 462px\" \/>\t\t\t\t\t\t\t\t\t\t\t\t\t\t\t<\/div>\n\t\t\t\t\t<\/div>\n\t\t\t\t<\/div>\n\t\t\t\t<\/div>\n\t\t","protected":false},"excerpt":{"rendered":"<p>LOGIVIA: Tu aliado en el transporte de cargas especiales Somos tu socio estrat\u00e9gico 100% dedicado al rubro, operando en todo Chile con veh\u00edculos y conductores altamente capacitados bajo la Ley 21.659.Seguridad y cumplimiento en cada kil\u00f3metroNuestra flota de camionetas Mitsubishi L-200 nuevas garantiza un servicio seguro y \u00e1gil. Reducimos riesgos y aseguramos que tus cargas [&hellip;]<\/p>\n","protected":false},"author":3,"featured_media":0,"parent":0,"menu_order":0,"comment_status":"closed","ping_status":"closed","template":"","meta":{"footnotes":""},"class_list":["post-1338","page","type-page","status-publish","hentry"],"_links":{"self":[{"href":"https:\/\/logivia.cl\/index.php\/wp-json\/wp\/v2\/pages\/1338","targetHints":{"allow":["GET"]}}],"collection":[{"href":"https:\/\/logivia.cl\/index.php\/wp-json\/wp\/v2\/pages"}],"about":[{"href":"https:\/\/logivia.cl\/index.php\/wp-json\/wp\/v2\/types\/page"}],"author":[{"embeddable":true,"href":"https:\/\/logivia.cl\/index.php\/wp-json\/wp\/v2\/users\/3"}],"replies":[{"embeddable":true,"href":"https:\/\/logivia.cl\/index.php\/wp-json\/wp\/v2\/comments?post=1338"}],"version-history":[{"count":501,"href":"https:\/\/logivia.cl\/index.php\/wp-json\/wp\/v2\/pages\/1338\/revisions"}],"predecessor-version":[{"id":5253,"href":"https:\/\/logivia.cl\/index.php\/wp-json\/wp\/v2\/pages\/1338\/revisions\/5253"}],"wp:attachment":[{"href":"https:\/\/logivia.cl\/index.php\/wp-json\/wp\/v2\/media?parent=1338"}],"curies":[{"name":"wp","href":"https:\/\/api.w.org\/{rel}","templated":true}]}}