{"id":4954,"date":"2025-10-27T23:32:12","date_gmt":"2025-10-27T23:32:12","guid":{"rendered":"https:\/\/logivia.cl\/?page_id=4954"},"modified":"2025-10-28T18:31:29","modified_gmt":"2025-10-28T18:31:29","slug":"noticias","status":"publish","type":"page","link":"https:\/\/logivia.cl\/index.php\/noticias\/","title":{"rendered":"Noticias"},"content":{"rendered":"\t\t<div data-elementor-type=\"wp-page\" data-elementor-id=\"4954\" class=\"elementor elementor-4954\" data-elementor-post-type=\"page\">\n\t\t\t\t\t\t<section class=\"elementor-section elementor-top-section elementor-element elementor-element-4918e27 elementor-section-boxed elementor-section-height-default elementor-section-height-default\" data-id=\"4918e27\" data-element_type=\"section\" data-e-type=\"section\" data-settings=\"{&quot;jet_parallax_layout_list&quot;:[]}\">\n\t\t\t\t\t\t<div class=\"elementor-container elementor-column-gap-default\">\n\t\t\t\t\t<div class=\"elementor-column elementor-col-100 elementor-top-column elementor-element elementor-element-c3fe06f\" data-id=\"c3fe06f\" data-element_type=\"column\" data-e-type=\"column\">\n\t\t\t<div class=\"elementor-widget-wrap elementor-element-populated\">\n\t\t\t\t\t\t<div class=\"elementor-element elementor-element-67055ba elementor-grid-2 elementor-grid-tablet-2 elementor-grid-mobile-1 elementor-posts--thumbnail-top elementor-widget elementor-widget-posts\" data-id=\"67055ba\" data-element_type=\"widget\" data-e-type=\"widget\" data-settings=\"{&quot;classic_columns&quot;:&quot;2&quot;,&quot;classic_columns_tablet&quot;:&quot;2&quot;,&quot;classic_columns_mobile&quot;:&quot;1&quot;,&quot;classic_row_gap&quot;:{&quot;unit&quot;:&quot;px&quot;,&quot;size&quot;:35,&quot;sizes&quot;:[]},&quot;classic_row_gap_tablet&quot;:{&quot;unit&quot;:&quot;px&quot;,&quot;size&quot;:&quot;&quot;,&quot;sizes&quot;:[]},&quot;classic_row_gap_mobile&quot;:{&quot;unit&quot;:&quot;px&quot;,&quot;size&quot;:&quot;&quot;,&quot;sizes&quot;:[]}}\" data-widget_type=\"posts.classic\">\n\t\t\t\t<div class=\"elementor-widget-container\">\n\t\t\t\t\t\t\t<div class=\"elementor-posts-container elementor-posts elementor-posts--skin-classic elementor-grid\" role=\"list\">\n\t\t\t\t<article class=\"elementor-post elementor-grid-item post-5076 post type-post status-publish format-standard has-post-thumbnail hentry category-noticias\" role=\"listitem\">\n\t\t\t\t<a class=\"elementor-post__thumbnail__link\" href=\"https:\/\/logivia.cl\/index.php\/2025\/10\/28\/nuevo-protocolo-de-escolta-vehicular-entra-en-vigor-para-carga-sobredimensionada\/\" tabindex=\"-1\" >\n\t\t\t<div class=\"elementor-post__thumbnail\"><img fetchpriority=\"high\" decoding=\"async\" width=\"800\" height=\"400\" src=\"https:\/\/logivia.cl\/wp-content\/uploads\/2025\/10\/Noticia-02-1024x512.jpg\" class=\"attachment-large size-large wp-image-5096\" alt=\"\" srcset=\"https:\/\/logivia.cl\/wp-content\/uploads\/2025\/10\/Noticia-02-1024x512.jpg 1024w, https:\/\/logivia.cl\/wp-content\/uploads\/2025\/10\/Noticia-02-300x150.jpg 300w, https:\/\/logivia.cl\/wp-content\/uploads\/2025\/10\/Noticia-02-768x384.jpg 768w, https:\/\/logivia.cl\/wp-content\/uploads\/2025\/10\/Noticia-02-1536x768.jpg 1536w, https:\/\/logivia.cl\/wp-content\/uploads\/2025\/10\/Noticia-02-600x300.jpg 600w, https:\/\/logivia.cl\/wp-content\/uploads\/2025\/10\/Noticia-02.jpg 2000w\" sizes=\"(max-width: 800px) 100vw, 800px\" \/><\/div>\n\t\t<\/a>\n\t\t\t\t<div class=\"elementor-post__text\">\n\t\t\t\t<h3 class=\"elementor-post__title\">\n\t\t\t<a href=\"https:\/\/logivia.cl\/index.php\/2025\/10\/28\/nuevo-protocolo-de-escolta-vehicular-entra-en-vigor-para-carga-sobredimensionada\/\" >\n\t\t\t\tNuevo protocolo de escolta vehicular entra en vigor para carga sobredimensionada\t\t\t<\/a>\n\t\t<\/h3>\n\t\t\t\t<div class=\"elementor-post__excerpt\">\n\t\t\t<p>A partir del 1 de julio, el nuevo protocolo de escolta vehicular para transporte de carga sobredimensionada comenz\u00f3 a regir a escala nacional, tras su<\/p>\n\t\t<\/div>\n\t\t\n\t\t<a class=\"elementor-post__read-more\" href=\"https:\/\/logivia.cl\/index.php\/2025\/10\/28\/nuevo-protocolo-de-escolta-vehicular-entra-en-vigor-para-carga-sobredimensionada\/\" aria-label=\"M\u00e1s informaci\u00f3n sobre Nuevo protocolo de escolta vehicular entra en vigor para carga sobredimensionada\" tabindex=\"-1\" >\n\t\t\tLeer m\u00e1s \u00bb\t\t<\/a>\n\n\t\t\t\t<\/div>\n\t\t\t\t<\/article>\n\t\t\t\t<article class=\"elementor-post elementor-grid-item post-4949 post type-post status-publish format-standard has-post-thumbnail hentry category-noticias\" role=\"listitem\">\n\t\t\t\t<a class=\"elementor-post__thumbnail__link\" href=\"https:\/\/logivia.cl\/index.php\/2025\/10\/27\/finning-pionero-en-uso-del-nuevo-protocolo-en-antofagasta\/\" tabindex=\"-1\" >\n\t\t\t<div class=\"elementor-post__thumbnail\"><img decoding=\"async\" width=\"800\" height=\"400\" src=\"https:\/\/logivia.cl\/wp-content\/uploads\/2025\/10\/Noticia-01-1024x512.jpg\" class=\"attachment-large size-large wp-image-5095\" alt=\"\" srcset=\"https:\/\/logivia.cl\/wp-content\/uploads\/2025\/10\/Noticia-01-1024x512.jpg 1024w, https:\/\/logivia.cl\/wp-content\/uploads\/2025\/10\/Noticia-01-300x150.jpg 300w, https:\/\/logivia.cl\/wp-content\/uploads\/2025\/10\/Noticia-01-768x384.jpg 768w, https:\/\/logivia.cl\/wp-content\/uploads\/2025\/10\/Noticia-01-1536x768.jpg 1536w, https:\/\/logivia.cl\/wp-content\/uploads\/2025\/10\/Noticia-01-600x300.jpg 600w, https:\/\/logivia.cl\/wp-content\/uploads\/2025\/10\/Noticia-01.jpg 2000w\" sizes=\"(max-width: 800px) 100vw, 800px\" \/><\/div>\n\t\t<\/a>\n\t\t\t\t<div class=\"elementor-post__text\">\n\t\t\t\t<h3 class=\"elementor-post__title\">\n\t\t\t<a href=\"https:\/\/logivia.cl\/index.php\/2025\/10\/27\/finning-pionero-en-uso-del-nuevo-protocolo-en-antofagasta\/\" >\n\t\t\t\tFinning pionero en uso del nuevo protocolo en Antofagasta\t\t\t<\/a>\n\t\t<\/h3>\n\t\t\t\t<div class=\"elementor-post__excerpt\">\n\t\t\t<p>La compa\u00f1\u00eda Finning, reconocida en el sector de maquinaria pesada, se convirti\u00f3 en la primera empresa regional en Antofagasta en trasladar un convoy minero bajo<\/p>\n\t\t<\/div>\n\t\t\n\t\t<a class=\"elementor-post__read-more\" href=\"https:\/\/logivia.cl\/index.php\/2025\/10\/27\/finning-pionero-en-uso-del-nuevo-protocolo-en-antofagasta\/\" aria-label=\"M\u00e1s informaci\u00f3n sobre Finning pionero en uso del nuevo protocolo en Antofagasta\" tabindex=\"-1\" >\n\t\t\tLeer m\u00e1s \u00bb\t\t<\/a>\n\n\t\t\t\t<\/div>\n\t\t\t\t<\/article>\n\t\t\t\t<article class=\"elementor-post elementor-grid-item post-4944 post type-post status-publish format-standard has-post-thumbnail hentry category-noticias\" role=\"listitem\">\n\t\t\t\t<a class=\"elementor-post__thumbnail__link\" href=\"https:\/\/logivia.cl\/index.php\/2025\/10\/27\/programa-de-desarrollo-logistico-impulsa-actualizacion-normativa-para-cargas-especiales\/\" tabindex=\"-1\" >\n\t\t\t<div class=\"elementor-post__thumbnail\"><img decoding=\"async\" width=\"800\" height=\"400\" src=\"https:\/\/logivia.cl\/wp-content\/uploads\/2025\/10\/Noticia-05-1024x512.jpg\" class=\"attachment-large size-large wp-image-5098\" alt=\"\" srcset=\"https:\/\/logivia.cl\/wp-content\/uploads\/2025\/10\/Noticia-05-1024x512.jpg 1024w, https:\/\/logivia.cl\/wp-content\/uploads\/2025\/10\/Noticia-05-300x150.jpg 300w, https:\/\/logivia.cl\/wp-content\/uploads\/2025\/10\/Noticia-05-768x384.jpg 768w, https:\/\/logivia.cl\/wp-content\/uploads\/2025\/10\/Noticia-05-1536x768.jpg 1536w, https:\/\/logivia.cl\/wp-content\/uploads\/2025\/10\/Noticia-05-600x300.jpg 600w, https:\/\/logivia.cl\/wp-content\/uploads\/2025\/10\/Noticia-05.jpg 2000w\" sizes=\"(max-width: 800px) 100vw, 800px\" \/><\/div>\n\t\t<\/a>\n\t\t\t\t<div class=\"elementor-post__text\">\n\t\t\t\t<h3 class=\"elementor-post__title\">\n\t\t\t<a href=\"https:\/\/logivia.cl\/index.php\/2025\/10\/27\/programa-de-desarrollo-logistico-impulsa-actualizacion-normativa-para-cargas-especiales\/\" >\n\t\t\t\tPrograma de Desarrollo Log\u00edstico impulsa actualizaci\u00f3n normativa para cargas especiales\t\t\t<\/a>\n\t\t<\/h3>\n\t\t\t\t<div class=\"elementor-post__excerpt\">\n\t\t\t<p>El Programa de Desarrollo Log\u00edstico (PDL), dependiente del Ministerio de Transportes y Telecomunicaciones, ha jugado un rol clave en el dise\u00f1o e implementaci\u00f3n del nuevo<\/p>\n\t\t<\/div>\n\t\t\n\t\t<a class=\"elementor-post__read-more\" href=\"https:\/\/logivia.cl\/index.php\/2025\/10\/27\/programa-de-desarrollo-logistico-impulsa-actualizacion-normativa-para-cargas-especiales\/\" aria-label=\"M\u00e1s informaci\u00f3n sobre Programa de Desarrollo Log\u00edstico impulsa actualizaci\u00f3n normativa para cargas especiales\" tabindex=\"-1\" >\n\t\t\tLeer m\u00e1s \u00bb\t\t<\/a>\n\n\t\t\t\t<\/div>\n\t\t\t\t<\/article>\n\t\t\t\t<article class=\"elementor-post elementor-grid-item post-4939 post type-post status-publish format-standard has-post-thumbnail hentry category-noticias\" role=\"listitem\">\n\t\t\t\t<a class=\"elementor-post__thumbnail__link\" href=\"https:\/\/logivia.cl\/index.php\/2025\/10\/27\/congreso-despacha-modificacion-de-la-ley-de-cabotaje-para-fortalecer-transporte-nacional\/\" tabindex=\"-1\" >\n\t\t\t<div class=\"elementor-post__thumbnail\"><img loading=\"lazy\" decoding=\"async\" width=\"800\" height=\"400\" src=\"https:\/\/logivia.cl\/wp-content\/uploads\/2025\/10\/Noticia-03-1024x512.jpg\" class=\"attachment-large size-large wp-image-5097\" alt=\"\" srcset=\"https:\/\/logivia.cl\/wp-content\/uploads\/2025\/10\/Noticia-03-1024x512.jpg 1024w, https:\/\/logivia.cl\/wp-content\/uploads\/2025\/10\/Noticia-03-300x150.jpg 300w, https:\/\/logivia.cl\/wp-content\/uploads\/2025\/10\/Noticia-03-768x384.jpg 768w, https:\/\/logivia.cl\/wp-content\/uploads\/2025\/10\/Noticia-03-1536x768.jpg 1536w, https:\/\/logivia.cl\/wp-content\/uploads\/2025\/10\/Noticia-03-600x300.jpg 600w, https:\/\/logivia.cl\/wp-content\/uploads\/2025\/10\/Noticia-03.jpg 2000w\" sizes=\"(max-width: 800px) 100vw, 800px\" \/><\/div>\n\t\t<\/a>\n\t\t\t\t<div class=\"elementor-post__text\">\n\t\t\t\t<h3 class=\"elementor-post__title\">\n\t\t\t<a href=\"https:\/\/logivia.cl\/index.php\/2025\/10\/27\/congreso-despacha-modificacion-de-la-ley-de-cabotaje-para-fortalecer-transporte-nacional\/\" >\n\t\t\t\tCongreso despacha modificaci\u00f3n de la Ley de Cabotaje para fortalecer transporte nacional\t\t\t<\/a>\n\t\t<\/h3>\n\t\t\t\t<div class=\"elementor-post__excerpt\">\n\t\t\t<p>El Congreso chileno despach\u00f3 recientemente una reforma a la Ley de Cabotaje, con el objetivo de modernizar y fortalecer el transporte mar\u00edtimo de cargas internas,<\/p>\n\t\t<\/div>\n\t\t\n\t\t<a class=\"elementor-post__read-more\" href=\"https:\/\/logivia.cl\/index.php\/2025\/10\/27\/congreso-despacha-modificacion-de-la-ley-de-cabotaje-para-fortalecer-transporte-nacional\/\" aria-label=\"M\u00e1s informaci\u00f3n sobre Congreso despacha modificaci\u00f3n de la Ley de Cabotaje para fortalecer transporte nacional\" tabindex=\"-1\" >\n\t\t\tLeer m\u00e1s \u00bb\t\t<\/a>\n\n\t\t\t\t<\/div>\n\t\t\t\t<\/article>\n\t\t\t\t<\/div>\n\t\t\n\t\t\t\t\t\t<\/div>\n\t\t\t\t<\/div>\n\t\t\t\t\t<\/div>\n\t\t<\/div>\n\t\t\t\t\t<\/div>\n\t\t<\/section>\n\t\t\t\t<\/div>\n\t\t","protected":false},"excerpt":{"rendered":"","protected":false},"author":3,"featured_media":4965,"parent":0,"menu_order":0,"comment_status":"closed","ping_status":"closed","template":"","meta":{"footnotes":""},"class_list":["post-4954","page","type-page","status-publish","has-post-thumbnail","hentry"],"_links":{"self":[{"href":"https:\/\/logivia.cl\/index.php\/wp-json\/wp\/v2\/pages\/4954","targetHints":{"allow":["GET"]}}],"collection":[{"href":"https:\/\/logivia.cl\/index.php\/wp-json\/wp\/v2\/pages"}],"about":[{"href":"https:\/\/logivia.cl\/index.php\/wp-json\/wp\/v2\/types\/page"}],"author":[{"embeddable":true,"href":"https:\/\/logivia.cl\/index.php\/wp-json\/wp\/v2\/users\/3"}],"replies":[{"embeddable":true,"href":"https:\/\/logivia.cl\/index.php\/wp-json\/wp\/v2\/comments?post=4954"}],"version-history":[{"count":4,"href":"https:\/\/logivia.cl\/index.php\/wp-json\/wp\/v2\/pages\/4954\/revisions"}],"predecessor-version":[{"id":4958,"href":"https:\/\/logivia.cl\/index.php\/wp-json\/wp\/v2\/pages\/4954\/revisions\/4958"}],"wp:featuredmedia":[{"embeddable":true,"href":"https:\/\/logivia.cl\/index.php\/wp-json\/wp\/v2\/media\/4965"}],"wp:attachment":[{"href":"https:\/\/logivia.cl\/index.php\/wp-json\/wp\/v2\/media?parent=4954"}],"curies":[{"name":"wp","href":"https:\/\/api.w.org\/{rel}","templated":true}]}}